{"id":344764,"date":"2025-10-24T22:39:14","date_gmt":"2025-10-24T22:39:14","guid":{"rendered":"https:\/\/www.corruempaques.com\/Ce\/?page_id=344764"},"modified":"2025-11-07T19:04:39","modified_gmt":"2025-11-07T19:04:39","slug":"contacto-2","status":"publish","type":"page","link":"https:\/\/www.corruempaques.com\/Ce\/contacto-2\/","title":{"rendered":"Blog"},"content":{"rendered":"<p>[et_pb_section fb_built=\u00bb1&#8243; _builder_version=\u00bb4.24.2&#8243; _module_preset=\u00bbdefault\u00bb custom_padding=\u00bb35px||3px|||\u00bb global_colors_info=\u00bb{}\u00bb][\/et_pb_section][et_pb_section fb_built=\u00bb1&#8243; _builder_version=\u00bb4.27.3&#8243; _module_preset=\u00bbdefault\u00bb custom_padding=\u00bb0px||3px|||\u00bb locked=\u00bboff\u00bb global_colors_info=\u00bb{}\u00bb][et_pb_row _builder_version=\u00bb4.27.4&#8243; _module_preset=\u00bbdefault\u00bb][et_pb_column _builder_version=\u00bb4.27.4&#8243; _module_preset=\u00bbdefault\u00bb type=\u00bb4_4&#8243;][et_pb_blog _builder_version=\u00bb4.27.4&#8243; _module_preset=\u00bbdefault\u00bb hover_enabled=\u00bb0&#8243; sticky_enabled=\u00bb0&#8243; include_categories=\u00bball\u00bb show_content=\u00bbon\u00bb header_font_size=\u00bb30px\u00bb header_text_align=\u00bbleft\u00bb body_font_size=\u00bb20px\u00bb width=\u00bb100%\u00bb max_width=\u00bb100%\u00bb min_height=\u00bb1000px\u00bb][\/et_pb_blog][\/et_pb_column][\/et_pb_row][\/et_pb_section][et_pb_section fb_built=\u00bb1&#8243; disabled_on=\u00bbon|on|on\u00bb _builder_version=\u00bb4.27.4&#8243; _module_preset=\u00bbdefault\u00bb background_color=\u00bb#000000&#8243; custom_padding=\u00bb0px||4px|||\u00bb disabled=\u00bbon\u00bb locked=\u00bboff\u00bb global_colors_info=\u00bb{}\u00bb][et_pb_row _builder_version=\u00bb4.24.2&#8243; _module_preset=\u00bbdefault\u00bb custom_padding=\u00bb50px||16px|||\u00bb global_colors_info=\u00bb{}\u00bb][et_pb_column type=\u00bb4_4&#8243; _builder_version=\u00bb4.24.2&#8243; _module_preset=\u00bbdefault\u00bb global_colors_info=\u00bb{}\u00bb][et_pb_code _builder_version=\u00bb4.24.2&#8243; _module_preset=\u00bbdefault\u00bb custom_margin=\u00bb||28px|||\u00bb global_colors_info=\u00bb{}\u00bb][swiper-js-slider id=\u00bb322&#8243;][\/et_pb_code][\/et_pb_column][\/et_pb_row][\/et_pb_section]<\/p>\n","protected":false},"excerpt":{"rendered":"<p>[swiper-js-slider id=\u00bb322&#8243;]<\/p>\n","protected":false},"author":1,"featured_media":0,"parent":0,"menu_order":0,"comment_status":"closed","ping_status":"closed","template":"","meta":{"_et_pb_use_builder":"on","_et_pb_old_content":"","_et_gb_content_width":"","footnotes":""},"class_list":["post-344764","page","type-page","status-publish","hentry"],"yoast_head":"<!-- This site is optimized with the Yoast SEO plugin v27.3 - https:\/\/yoast.com\/product\/yoast-seo-wordpress\/ -->\n<title>Blog - CorruEmpaques<\/title>\n<meta name=\"description\" content=\"Cont\u00e1ctanos en Corruempaques, empresa l\u00edder en cajas de cart\u00f3n en M\u00e9xico. Solicita informaci\u00f3n o cotizaciones personalizadas para tus necesidades de empaque. Estamos listos para ofrecerte soluciones eficientes y sostenibles.\" \/>\n<meta name=\"robots\" content=\"index, follow, max-snippet:-1, max-image-preview:large, max-video-preview:-1\" \/>\n<link rel=\"canonical\" href=\"https:\/\/www.corruempaques.com\/Ce\/contacto-2\/\" \/>\n<meta property=\"og:locale\" content=\"es_ES\" \/>\n<meta property=\"og:type\" content=\"article\" \/>\n<meta property=\"og:title\" content=\"Blog - CorruEmpaques\" \/>\n<meta property=\"og:description\" content=\"Cont\u00e1ctanos en Corruempaques, empresa l\u00edder en cajas de cart\u00f3n en M\u00e9xico. Solicita informaci\u00f3n o cotizaciones personalizadas para tus necesidades de empaque. Estamos listos para ofrecerte soluciones eficientes y sostenibles.\" \/>\n<meta property=\"og:url\" content=\"https:\/\/www.corruempaques.com\/Ce\/contacto-2\/\" \/>\n<meta property=\"og:site_name\" content=\"CorruEmpaques\" \/>\n<meta property=\"article:modified_time\" content=\"2025-11-07T19:04:39+00:00\" \/>\n<meta property=\"og:image\" content=\"https:\/\/www.corruempaques.com\/Ce\/wp-content\/uploads\/2024\/03\/Logo-Corru-02-2.png\" \/>\n\t<meta property=\"og:image:width\" content=\"1080\" \/>\n\t<meta property=\"og:image:height\" content=\"1080\" \/>\n\t<meta property=\"og:image:type\" content=\"image\/png\" \/>\n<meta name=\"twitter:card\" content=\"summary_large_image\" \/>\n<meta name=\"twitter:label1\" content=\"Tiempo de lectura\" \/>\n\t<meta name=\"twitter:data1\" content=\"1 minuto\" \/>\n<script type=\"application\/ld+json\" class=\"yoast-schema-graph\">{\"@context\":\"https:\\\/\\\/schema.org\",\"@graph\":[{\"@type\":\"WebPage\",\"@id\":\"https:\\\/\\\/www.corruempaques.com\\\/Ce\\\/contacto-2\\\/\",\"url\":\"https:\\\/\\\/www.corruempaques.com\\\/Ce\\\/contacto-2\\\/\",\"name\":\"Blog - CorruEmpaques\",\"isPartOf\":{\"@id\":\"https:\\\/\\\/www.corruempaques.com\\\/Ce\\\/#website\"},\"datePublished\":\"2025-10-24T22:39:14+00:00\",\"dateModified\":\"2025-11-07T19:04:39+00:00\",\"description\":\"Cont\u00e1ctanos en Corruempaques, empresa l\u00edder en cajas de cart\u00f3n en M\u00e9xico. Solicita informaci\u00f3n o cotizaciones personalizadas para tus necesidades de empaque. Estamos listos para ofrecerte soluciones eficientes y sostenibles.\",\"breadcrumb\":{\"@id\":\"https:\\\/\\\/www.corruempaques.com\\\/Ce\\\/contacto-2\\\/#breadcrumb\"},\"inLanguage\":\"es\",\"potentialAction\":[{\"@type\":\"ReadAction\",\"target\":[\"https:\\\/\\\/www.corruempaques.com\\\/Ce\\\/contacto-2\\\/\"]}]},{\"@type\":\"BreadcrumbList\",\"@id\":\"https:\\\/\\\/www.corruempaques.com\\\/Ce\\\/contacto-2\\\/#breadcrumb\",\"itemListElement\":[{\"@type\":\"ListItem\",\"position\":1,\"name\":\"Portada\",\"item\":\"https:\\\/\\\/www.corruempaques.com\\\/Ce\\\/\"},{\"@type\":\"ListItem\",\"position\":2,\"name\":\"Blog\"}]},{\"@type\":\"WebSite\",\"@id\":\"https:\\\/\\\/www.corruempaques.com\\\/Ce\\\/#website\",\"url\":\"https:\\\/\\\/www.corruempaques.com\\\/Ce\\\/\",\"name\":\"CorruEmpaques\",\"description\":\"CorruEmpaques\",\"publisher\":{\"@id\":\"https:\\\/\\\/www.corruempaques.com\\\/Ce\\\/#organization\"},\"alternateName\":\"Empaques de Cart\u00f3n CorruEmpaques\",\"potentialAction\":[{\"@type\":\"SearchAction\",\"target\":{\"@type\":\"EntryPoint\",\"urlTemplate\":\"https:\\\/\\\/www.corruempaques.com\\\/Ce\\\/?s={search_term_string}\"},\"query-input\":{\"@type\":\"PropertyValueSpecification\",\"valueRequired\":true,\"valueName\":\"search_term_string\"}}],\"inLanguage\":\"es\"},{\"@type\":\"Organization\",\"@id\":\"https:\\\/\\\/www.corruempaques.com\\\/Ce\\\/#organization\",\"name\":\"CorruEmpaques\",\"alternateName\":\"CorruEmpaques M\u00e9xico\",\"url\":\"https:\\\/\\\/www.corruempaques.com\\\/Ce\\\/\",\"logo\":{\"@type\":\"ImageObject\",\"inLanguage\":\"es\",\"@id\":\"https:\\\/\\\/www.corruempaques.com\\\/Ce\\\/#\\\/schema\\\/logo\\\/image\\\/\",\"url\":\"https:\\\/\\\/www.corruempaques.com\\\/Ce\\\/wp-content\\\/uploads\\\/2024\\\/03\\\/Logo-Corru-02-2.png\",\"contentUrl\":\"https:\\\/\\\/www.corruempaques.com\\\/Ce\\\/wp-content\\\/uploads\\\/2024\\\/03\\\/Logo-Corru-02-2.png\",\"width\":1080,\"height\":1080,\"caption\":\"CorruEmpaques\"},\"image\":{\"@id\":\"https:\\\/\\\/www.corruempaques.com\\\/Ce\\\/#\\\/schema\\\/logo\\\/image\\\/\"}}]}<\/script>\n<!-- \/ Yoast SEO plugin. -->","yoast_head_json":{"title":"Blog - CorruEmpaques","description":"Cont\u00e1ctanos en Corruempaques, empresa l\u00edder en cajas de cart\u00f3n en M\u00e9xico. Solicita informaci\u00f3n o cotizaciones personalizadas para tus necesidades de empaque. Estamos listos para ofrecerte soluciones eficientes y sostenibles.","robots":{"index":"index","follow":"follow","max-snippet":"max-snippet:-1","max-image-preview":"max-image-preview:large","max-video-preview":"max-video-preview:-1"},"canonical":"https:\/\/www.corruempaques.com\/Ce\/contacto-2\/","og_locale":"es_ES","og_type":"article","og_title":"Blog - CorruEmpaques","og_description":"Cont\u00e1ctanos en Corruempaques, empresa l\u00edder en cajas de cart\u00f3n en M\u00e9xico. Solicita informaci\u00f3n o cotizaciones personalizadas para tus necesidades de empaque. Estamos listos para ofrecerte soluciones eficientes y sostenibles.","og_url":"https:\/\/www.corruempaques.com\/Ce\/contacto-2\/","og_site_name":"CorruEmpaques","article_modified_time":"2025-11-07T19:04:39+00:00","og_image":[{"width":1080,"height":1080,"url":"https:\/\/www.corruempaques.com\/Ce\/wp-content\/uploads\/2024\/03\/Logo-Corru-02-2.png","type":"image\/png"}],"twitter_card":"summary_large_image","twitter_misc":{"Tiempo de lectura":"1 minuto"},"schema":{"@context":"https:\/\/schema.org","@graph":[{"@type":"WebPage","@id":"https:\/\/www.corruempaques.com\/Ce\/contacto-2\/","url":"https:\/\/www.corruempaques.com\/Ce\/contacto-2\/","name":"Blog - CorruEmpaques","isPartOf":{"@id":"https:\/\/www.corruempaques.com\/Ce\/#website"},"datePublished":"2025-10-24T22:39:14+00:00","dateModified":"2025-11-07T19:04:39+00:00","description":"Cont\u00e1ctanos en Corruempaques, empresa l\u00edder en cajas de cart\u00f3n en M\u00e9xico. Solicita informaci\u00f3n o cotizaciones personalizadas para tus necesidades de empaque. Estamos listos para ofrecerte soluciones eficientes y sostenibles.","breadcrumb":{"@id":"https:\/\/www.corruempaques.com\/Ce\/contacto-2\/#breadcrumb"},"inLanguage":"es","potentialAction":[{"@type":"ReadAction","target":["https:\/\/www.corruempaques.com\/Ce\/contacto-2\/"]}]},{"@type":"BreadcrumbList","@id":"https:\/\/www.corruempaques.com\/Ce\/contacto-2\/#breadcrumb","itemListElement":[{"@type":"ListItem","position":1,"name":"Portada","item":"https:\/\/www.corruempaques.com\/Ce\/"},{"@type":"ListItem","position":2,"name":"Blog"}]},{"@type":"WebSite","@id":"https:\/\/www.corruempaques.com\/Ce\/#website","url":"https:\/\/www.corruempaques.com\/Ce\/","name":"CorruEmpaques","description":"CorruEmpaques","publisher":{"@id":"https:\/\/www.corruempaques.com\/Ce\/#organization"},"alternateName":"Empaques de Cart\u00f3n CorruEmpaques","potentialAction":[{"@type":"SearchAction","target":{"@type":"EntryPoint","urlTemplate":"https:\/\/www.corruempaques.com\/Ce\/?s={search_term_string}"},"query-input":{"@type":"PropertyValueSpecification","valueRequired":true,"valueName":"search_term_string"}}],"inLanguage":"es"},{"@type":"Organization","@id":"https:\/\/www.corruempaques.com\/Ce\/#organization","name":"CorruEmpaques","alternateName":"CorruEmpaques M\u00e9xico","url":"https:\/\/www.corruempaques.com\/Ce\/","logo":{"@type":"ImageObject","inLanguage":"es","@id":"https:\/\/www.corruempaques.com\/Ce\/#\/schema\/logo\/image\/","url":"https:\/\/www.corruempaques.com\/Ce\/wp-content\/uploads\/2024\/03\/Logo-Corru-02-2.png","contentUrl":"https:\/\/www.corruempaques.com\/Ce\/wp-content\/uploads\/2024\/03\/Logo-Corru-02-2.png","width":1080,"height":1080,"caption":"CorruEmpaques"},"image":{"@id":"https:\/\/www.corruempaques.com\/Ce\/#\/schema\/logo\/image\/"}}]}},"_links":{"self":[{"href":"https:\/\/www.corruempaques.com\/Ce\/wp-json\/wp\/v2\/pages\/344764","targetHints":{"allow":["GET"]}}],"collection":[{"href":"https:\/\/www.corruempaques.com\/Ce\/wp-json\/wp\/v2\/pages"}],"about":[{"href":"https:\/\/www.corruempaques.com\/Ce\/wp-json\/wp\/v2\/types\/page"}],"author":[{"embeddable":true,"href":"https:\/\/www.corruempaques.com\/Ce\/wp-json\/wp\/v2\/users\/1"}],"replies":[{"embeddable":true,"href":"https:\/\/www.corruempaques.com\/Ce\/wp-json\/wp\/v2\/comments?post=344764"}],"version-history":[{"count":6,"href":"https:\/\/www.corruempaques.com\/Ce\/wp-json\/wp\/v2\/pages\/344764\/revisions"}],"predecessor-version":[{"id":344803,"href":"https:\/\/www.corruempaques.com\/Ce\/wp-json\/wp\/v2\/pages\/344764\/revisions\/344803"}],"wp:attachment":[{"href":"https:\/\/www.corruempaques.com\/Ce\/wp-json\/wp\/v2\/media?parent=344764"}],"curies":[{"name":"wp","href":"https:\/\/api.w.org\/{rel}","templated":true}]}}