{"id":21,"date":"2024-03-14T23:04:14","date_gmt":"2024-03-14T23:04:14","guid":{"rendered":"https:\/\/www.corruempaques.com\/Ce\/?page_id=21"},"modified":"2025-04-04T16:46:51","modified_gmt":"2025-04-04T16:46:51","slug":"productos","status":"publish","type":"page","link":"https:\/\/www.corruempaques.com\/Ce\/productos\/","title":{"rendered":"Productos"},"content":{"rendered":"<p>[et_pb_section fb_built=\u00bb1&#8243; fullwidth=\u00bbon\u00bb _builder_version=\u00bb4.27.4&#8243; _module_preset=\u00bbdefault\u00bb background_image=\u00bbhttps:\/\/www.corruempaques.com\/Ce\/wp-content\/uploads\/2024\/03\/direcciones-01.jpg\u00bb global_colors_info=\u00bb{}\u00bb][et_pb_fullwidth_code _builder_version=\u00bb4.27.4&#8243; _module_preset=\u00bbdefault\u00bb custom_margin=\u00bb||15px|||\u00bb custom_padding=\u00bb2px||617px|||\u00bb global_colors_info=\u00bb{}\u00bb][\/et_pb_fullwidth_code][\/et_pb_section][et_pb_section fb_built=\u00bb1&#8243; _builder_version=\u00bb4.24.2&#8243; _module_preset=\u00bbdefault\u00bb background_color=\u00bb#FFFFFF\u00bb custom_padding=\u00bb5px||6px|||\u00bb global_colors_info=\u00bb{}\u00bb][et_pb_row _builder_version=\u00bb4.24.2&#8243; _module_preset=\u00bbdefault\u00bb custom_margin=\u00bb18px|auto||auto||\u00bb global_colors_info=\u00bb{}\u00bb][et_pb_column type=\u00bb4_4&#8243; _builder_version=\u00bb4.24.2&#8243; _module_preset=\u00bbdefault\u00bb global_colors_info=\u00bb{}\u00bb][et_pb_text _builder_version=\u00bb4.24.2&#8243; _module_preset=\u00bbdefault\u00bb global_colors_info=\u00bb{}\u00bb]<\/p>\n<h1 style=\"text-align: center;\"><strong>EL CART\u00d3N CORRUGADO<\/strong><\/h1>\n<p>[\/et_pb_text][\/et_pb_column][\/et_pb_row][et_pb_row column_structure=\u00bb1_2,1_2&#8243; _builder_version=\u00bb4.24.2&#8243; _module_preset=\u00bbdefault\u00bb global_colors_info=\u00bb{}\u00bb][et_pb_column type=\u00bb1_2&#8243; _builder_version=\u00bb4.24.2&#8243; _module_preset=\u00bbdefault\u00bb global_colors_info=\u00bb{}\u00bb][et_pb_image src=\u00bbhttps:\/\/www.corruempaques.com\/Ce\/wp-content\/uploads\/2024\/03\/caja-e1700590531453.png\u00bb title_text=\u00bbcaja-e1700590531453&#8243; _builder_version=\u00bb4.24.2&#8243; _module_preset=\u00bbdefault\u00bb global_colors_info=\u00bb{}\u00bb][\/et_pb_image][\/et_pb_column][et_pb_column type=\u00bb1_2&#8243; _builder_version=\u00bb4.24.2&#8243; _module_preset=\u00bbdefault\u00bb global_colors_info=\u00bb{}\u00bb][et_pb_image src=\u00bbhttps:\/\/www.corruempaques.com\/Ce\/wp-content\/uploads\/2024\/03\/medircaja.png\u00bb title_text=\u00bbmedircaja\u00bb _builder_version=\u00bb4.24.2&#8243; _module_preset=\u00bbdefault\u00bb global_colors_info=\u00bb{}\u00bb][\/et_pb_image][\/et_pb_column][\/et_pb_row][\/et_pb_section][et_pb_section fb_built=\u00bb1&#8243; _builder_version=\u00bb4.24.2&#8243; _module_preset=\u00bbdefault\u00bb custom_padding=\u00bb1px||4px|||\u00bb global_colors_info=\u00bb{}\u00bb][et_pb_row _builder_version=\u00bb4.24.2&#8243; _module_preset=\u00bbdefault\u00bb global_colors_info=\u00bb{}\u00bb][et_pb_column type=\u00bb4_4&#8243; _builder_version=\u00bb4.24.2&#8243; _module_preset=\u00bbdefault\u00bb global_colors_info=\u00bb{}\u00bb][et_pb_text _builder_version=\u00bb4.24.2&#8243; _module_preset=\u00bbdefault\u00bb global_colors_info=\u00bb{}\u00bb]<\/p>\n<h3 class=\"elementor-heading-title elementor-size-default\" style=\"text-align: center;\"><span style=\"color: #ff6600;\"><strong>BENEFICIOS DEL EMPAQUE DE CART\u00d3N CORRUGADO<\/strong><\/span><\/h3>\n<p>[\/et_pb_text][\/et_pb_column][\/et_pb_row][et_pb_row _builder_version=\u00bb4.27.4&#8243; _module_preset=\u00bbdefault\u00bb width=\u00bb90%\u00bb max_width=\u00bb2560px\u00bb module_alignment=\u00bbcenter\u00bb hover_enabled=\u00bb0&#8243; global_colors_info=\u00bb{}\u00bb sticky_enabled=\u00bb0&#8243;][et_pb_column type=\u00bb4_4&#8243; _builder_version=\u00bb4.27.4&#8243; _module_preset=\u00bbdefault\u00bb global_colors_info=\u00bb{}\u00bb][dica_divi_carousel show_items_desktop=\u00bb7&#8243; show_items_tablet=\u00bb5&#8243; show_items_mobile=\u00bb2&#8243; loop=\u00bbon\u00bb autoplay=\u00bbon\u00bb hoverpause=\u00bbon\u00bb item_spacing=\u00bb0&#8243; advanced_effect=\u00bb1&#8243; _builder_version=\u00bb4.27.4&#8243; _module_preset=\u00bbdefault\u00bb hover_enabled=\u00bb0&#8243; global_colors_info=\u00bb{}\u00bb sticky_enabled=\u00bb0&#8243;][dica_divi_carouselitem button_url_new_window=\u00bb1&#8243; image=\u00bbhttps:\/\/www.corruempaques.com\/Ce\/wp-content\/uploads\/2025\/04\/BENEFICIOS_Mesa-de-trabajo-1-copia.png\u00bb image_padding=\u00bb0px|0px|0px|0px|true|true\u00bb content_padding=\u00bb0px|0px|0px|0px|true|true\u00bb button_margin=\u00bb0px|0px|0px|0px|true|true\u00bb button_padding=\u00bb0px|0px|0px|0px|false|false\u00bb custom_margin=\u00bb0px|0px|0px|0px|false|false\u00bb custom_padding=\u00bb0px|0px|0px|0px|false|false\u00bb _builder_version=\u00bb4.27.4&#8243; _module_preset=\u00bbdefault\u00bb global_colors_info=\u00bb{}\u00bb][\/dica_divi_carouselitem][dica_divi_carouselitem button_url_new_window=\u00bb1&#8243; image=\u00bbhttps:\/\/www.corruempaques.com\/Ce\/wp-content\/uploads\/2025\/04\/BENEFICIOS_Mesa-de-trabajo-1-copia-2.png\u00bb _builder_version=\u00bb4.27.4&#8243; _module_preset=\u00bbdefault\u00bb global_colors_info=\u00bb{}\u00bb][\/dica_divi_carouselitem][dica_divi_carouselitem button_url_new_window=\u00bb1&#8243; image=\u00bbhttps:\/\/www.corruempaques.com\/Ce\/wp-content\/uploads\/2025\/04\/BENEFICIOS_Mesa-de-trabajo-1-copia-3.png\u00bb _builder_version=\u00bb4.27.4&#8243; _module_preset=\u00bbdefault\u00bb global_colors_info=\u00bb{}\u00bb][\/dica_divi_carouselitem][dica_divi_carouselitem button_url_new_window=\u00bb1&#8243; image=\u00bbhttps:\/\/www.corruempaques.com\/Ce\/wp-content\/uploads\/2025\/04\/BENEFICIOS_Mesa-de-trabajo-1-copia-4.png\u00bb _builder_version=\u00bb4.27.4&#8243; _module_preset=\u00bbdefault\u00bb global_colors_info=\u00bb{}\u00bb][\/dica_divi_carouselitem][dica_divi_carouselitem button_url_new_window=\u00bb1&#8243; image=\u00bbhttps:\/\/www.corruempaques.com\/Ce\/wp-content\/uploads\/2025\/04\/BENEFICIOS_Mesa-de-trabajo-1-copia-5.png\u00bb _builder_version=\u00bb4.27.4&#8243; _module_preset=\u00bbdefault\u00bb global_colors_info=\u00bb{}\u00bb][\/dica_divi_carouselitem][dica_divi_carouselitem button_url_new_window=\u00bb1&#8243; image=\u00bbhttps:\/\/www.corruempaques.com\/Ce\/wp-content\/uploads\/2025\/04\/BENEFICIOS_Mesa-de-trabajo-1-copia-6.png\u00bb _builder_version=\u00bb4.27.4&#8243; _module_preset=\u00bbdefault\u00bb global_colors_info=\u00bb{}\u00bb][\/dica_divi_carouselitem][dica_divi_carouselitem button_url_new_window=\u00bb1&#8243; image=\u00bbhttps:\/\/www.corruempaques.com\/Ce\/wp-content\/uploads\/2025\/04\/RECUBRIMIENTO-VCI.png\u00bb _builder_version=\u00bb4.27.4&#8243; _module_preset=\u00bbdefault\u00bb global_colors_info=\u00bb{}\u00bb][\/dica_divi_carouselitem][\/dica_divi_carousel][\/et_pb_column][\/et_pb_row][\/et_pb_section][et_pb_section fb_built=\u00bb1&#8243; _builder_version=\u00bb4.24.2&#8243; _module_preset=\u00bbdefault\u00bb custom_padding=\u00bb5px||7px|||\u00bb global_colors_info=\u00bb{}\u00bb][et_pb_row column_structure=\u00bb1_2,1_2&#8243; _builder_version=\u00bb4.24.2&#8243; _module_preset=\u00bbdefault\u00bb width=\u00bb95%\u00bb module_alignment=\u00bbcenter\u00bb custom_margin=\u00bb|0px||0px|false|false\u00bb global_colors_info=\u00bb{}\u00bb][et_pb_column type=\u00bb1_2&#8243; _builder_version=\u00bb4.24.2&#8243; _module_preset=\u00bbdefault\u00bb global_colors_info=\u00bb{}\u00bb][et_pb_image src=\u00bbhttps:\/\/www.corruempaques.com\/Ce\/wp-content\/uploads\/2024\/03\/servicios1.png\u00bb title_text=\u00bbservicios1&#8243; _builder_version=\u00bb4.24.2&#8243; _module_preset=\u00bbdefault\u00bb custom_margin=\u00bb|0px||0px|false|false\u00bb global_colors_info=\u00bb{}\u00bb][\/et_pb_image][\/et_pb_column][et_pb_column type=\u00bb1_2&#8243; _builder_version=\u00bb4.24.2&#8243; _module_preset=\u00bbdefault\u00bb global_colors_info=\u00bb{}\u00bb][et_pb_image src=\u00bbhttps:\/\/www.corruempaques.com\/Ce\/wp-content\/uploads\/2024\/03\/servicios2.png\u00bb title_text=\u00bbservicios2&#8243; force_fullwidth=\u00bbon\u00bb _builder_version=\u00bb4.24.2&#8243; _module_preset=\u00bbdefault\u00bb custom_margin=\u00bb|-35px||0px|false|false\u00bb global_colors_info=\u00bb{}\u00bb][\/et_pb_image][\/et_pb_column][\/et_pb_row][\/et_pb_section][et_pb_section fb_built=\u00bb1&#8243; _builder_version=\u00bb4.24.2&#8243; _module_preset=\u00bbdefault\u00bb background_color=\u00bb#000000&#8243; custom_padding=\u00bb4px||9px|||\u00bb global_colors_info=\u00bb{}\u00bb][et_pb_row column_structure=\u00bb1_2,1_2&#8243; _builder_version=\u00bb4.24.2&#8243; _module_preset=\u00bbdefault\u00bb max_width=\u00bb1255px\u00bb global_colors_info=\u00bb{}\u00bb][et_pb_column type=\u00bb1_2&#8243; _builder_version=\u00bb4.24.2&#8243; _module_preset=\u00bbdefault\u00bb global_colors_info=\u00bb{}\u00bb][et_pb_text _builder_version=\u00bb4.24.2&#8243; _module_preset=\u00bbdefault\u00bb module_alignment=\u00bbcenter\u00bb custom_margin=\u00bb19px|||||\u00bb custom_padding=\u00bb|9px||||\u00bb global_colors_info=\u00bb{}\u00bb]<\/p>\n<h1 class=\"elementor-heading-title elementor-size-default\" style=\"text-align: center;\"><span style=\"color: #ff6600; font-size: xx-large;\"><strong>\u00bfSAB\u00cdAS QU\u00c9?<\/strong><\/span><\/h1>\n<p>[\/et_pb_text][\/et_pb_column][et_pb_column type=\u00bb1_2&#8243; _builder_version=\u00bb4.24.2&#8243; _module_preset=\u00bbdefault\u00bb global_colors_info=\u00bb{}\u00bb][et_pb_text _builder_version=\u00bb4.24.2&#8243; _module_preset=\u00bbdefault\u00bb width=\u00bb80%\u00bb module_alignment=\u00bbcenter\u00bb custom_margin=\u00bb|0px||0px|false|false\u00bb global_colors_info=\u00bb{}\u00bb]<\/p>\n<h4 class=\"elementor-heading-title elementor-size-default\" style=\"text-align: center;\"><span style=\"color: #468844;\"><strong>El cart\u00f3n corrugado es uno de los materiales m\u00e1s usados para envase y embalaje.<\/strong><\/span><\/h4>\n<p>[\/et_pb_text][\/et_pb_column][\/et_pb_row][\/et_pb_section]<\/p>\n","protected":false},"excerpt":{"rendered":"<p>EL CART\u00d3N CORRUGADOBENEFICIOS DEL EMPAQUE DE CART\u00d3N CORRUGADO<div class=\"et_pb_module dica_divi_carousel dica_divi_carousel_0\">\n\t\t\t\t\n\t\t\t\t\n\t\t\t\t\n\t\t\t\t\n\t\t\t\t\n\t\t\t\t\n\t\t\t\t<div class=\"et_pb_module_inner\">\n\t\t\t\t\t<div class=\"dica-container  desktop_middle-inside tablet_middle-inside mobile_middle-inside\" data-props='{\"desktop\":\"7\",\"tablet\":\"5\",\"mobile\":\"2\",\"speed\":\"500\",\"arrow\":\"off\",\"dots\":\"off\",\"autoplay\":\"on\",\"autoSpeed\":\"1000\",\"loop\":\"on\",\"item_spacing\":\"0\",\"center_mode\":\"off\",\"slider_effec\":\"1\",\"cover_rotate\":\"50\",\"pause_onhover\":\"on\",\"multislide\":\"off\",\"cfshadow\":\"on\",\"order\":\"0\",\"lazyload\":\"off\",\"lazybefore\":\"off\",\"scroller_effect\":\"off\",\"autowidth\":\"off\",\"item_spacing_tablet\":\"0\",\"item_spacing_phone\":\"0\",\"scroller_speed\":\"4000\",\"hashNavigation\":\"off\",\"simulatetouch\":\"off\",\"allowtouchmove\":\"off\",\"slide_row\":\"1\",\"slide_row_tablet\":\"1\",\"slide_row_phone\":\"1\",\"keyboard\":\"off\",\"mousewheel\":\"off\",\"autoplay_viewport\":\"80%\"}'>\n\t\t\t\t\t\t\t \t<div class=\"swiper-container\" >\n\t\t\t\t\t\t\t\t\t<div class=\"swiper-wrapper\"><\/div>\t\n\t\t\t\t\t\t\t\t<\/div>\t\n\t\t\t\t\t\t\t\t\n\t\t\t\t\t\t\t\t\t\t\t\t\t\t\n\t\t\t\t\t\t\t<\/div>\n\t\t\t\t<\/div>\n\t\t\t<\/div><div class=\"et_pb_module dica_divi_carouselitem dica_divi_carouselitem_0\">\n\t\t\t\t\n\t\t\t\t\n\t\t\t\t\n\t\t\t\t\n\t\t\t\t\n\t\t\t\t\n\t\t\t\t<div class=\"et_pb_module_inner\">\n\t\t\t\t\t <div class=\"dica-item empty-content image_top\"   data-hash=\"dica_divi_carouselitem_0\">\n\t\t\t\t\t\t\t\t\t<div class=\"dica-image-container\"><span class=\"image\"><img loading=\"lazy\" decoding=\"async\" src=\"https:\/\/www.corruempaques.com\/Ce\/wp-content\/uploads\/2025\/04\/BENEFICIOS_Mesa-de-trabajo-1-copia.png\" srcset=\"https:\/\/www.corruempaques.com\/Ce\/wp-content\/uploads\/2025\/04\/BENEFICIOS_Mesa-de-trabajo-1-copia.png 1009w, https:\/\/www.corruempaques.com\/Ce\/wp-content\/uploads\/2025\/04\/BENEFICIOS_Mesa-de-trabajo-1-copia-980x971.png 980w, https:\/\/www.corruempaques.com\/Ce\/wp-content\/uploads\/2025\/04\/BENEFICIOS_Mesa-de-trabajo-1-copia-480x476.png 480w\" alt=\"\" class=\"dica-item-image\" width=\"1009\" height=\"1000\"\/><\/span><\/div>\n\t\t\t\t\t\t\t\t\t\n\t\t\t\t\t\t\t<\/div>\n\t\t\t\t<\/div>\n\t\t\t<\/div><div class=\"et_pb_module dica_divi_carouselitem dica_divi_carouselitem_1\">\n\t\t\t\t\n\t\t\t\t\n\t\t\t\t\n\t\t\t\t\n\t\t\t\t\n\t\t\t\t\n\t\t\t\t<div class=\"et_pb_module_inner\">\n\t\t\t\t\t <div class=\"dica-item empty-content image_top\"   data-hash=\"dica_divi_carouselitem_1\">\n\t\t\t\t\t\t\t\t\t<div class=\"dica-image-container\"><span class=\"image\"><img loading=\"lazy\" decoding=\"async\" src=\"https:\/\/www.corruempaques.com\/Ce\/wp-content\/uploads\/2025\/04\/BENEFICIOS_Mesa-de-trabajo-1-copia-2.png\" srcset=\"https:\/\/www.corruempaques.com\/Ce\/wp-content\/uploads\/2025\/04\/BENEFICIOS_Mesa-de-trabajo-1-copia-2.png 1009w, https:\/\/www.corruempaques.com\/Ce\/wp-content\/uploads\/2025\/04\/BENEFICIOS_Mesa-de-trabajo-1-copia-2-980x971.png 980w, https:\/\/www.corruempaques.com\/Ce\/wp-content\/uploads\/2025\/04\/BENEFICIOS_Mesa-de-trabajo-1-copia-2-480x476.png 480w\" alt=\"\" class=\"dica-item-image\" width=\"1009\" height=\"1000\"\/><\/span><\/div>\n\t\t\t\t\t\t\t\t\t\n\t\t\t\t\t\t\t<\/div>\n\t\t\t\t<\/div>\n\t\t\t<\/div><div class=\"et_pb_module dica_divi_carouselitem dica_divi_carouselitem_2\">\n\t\t\t\t\n\t\t\t\t\n\t\t\t\t\n\t\t\t\t\n\t\t\t\t\n\t\t\t\t\n\t\t\t\t<div class=\"et_pb_module_inner\">\n\t\t\t\t\t <div class=\"dica-item empty-content image_top\"   data-hash=\"dica_divi_carouselitem_2\">\n\t\t\t\t\t\t\t\t\t<div class=\"dica-image-container\"><span class=\"image\"><img loading=\"lazy\" decoding=\"async\" src=\"https:\/\/www.corruempaques.com\/Ce\/wp-content\/uploads\/2025\/04\/BENEFICIOS_Mesa-de-trabajo-1-copia-3.png\" srcset=\"https:\/\/www.corruempaques.com\/Ce\/wp-content\/uploads\/2025\/04\/BENEFICIOS_Mesa-de-trabajo-1-copia-3.png 1009w, https:\/\/www.corruempaques.com\/Ce\/wp-content\/uploads\/2025\/04\/BENEFICIOS_Mesa-de-trabajo-1-copia-3-980x971.png 980w, https:\/\/www.corruempaques.com\/Ce\/wp-content\/uploads\/2025\/04\/BENEFICIOS_Mesa-de-trabajo-1-copia-3-480x476.png 480w\" alt=\"\" class=\"dica-item-image\" width=\"1009\" height=\"1000\"\/><\/span><\/div>\n\t\t\t\t\t\t\t\t\t\n\t\t\t\t\t\t\t<\/div>\n\t\t\t\t<\/div>\n\t\t\t<\/div><div class=\"et_pb_module dica_divi_carouselitem dica_divi_carouselitem_3\">\n\t\t\t\t\n\t\t\t\t\n\t\t\t\t\n\t\t\t\t\n\t\t\t\t\n\t\t\t\t\n\t\t\t\t<div class=\"et_pb_module_inner\">\n\t\t\t\t\t <div class=\"dica-item empty-content image_top\"   data-hash=\"dica_divi_carouselitem_3\">\n\t\t\t\t\t\t\t\t\t<div class=\"dica-image-container\"><span class=\"image\"><img loading=\"lazy\" decoding=\"async\" src=\"https:\/\/www.corruempaques.com\/Ce\/wp-content\/uploads\/2025\/04\/BENEFICIOS_Mesa-de-trabajo-1-copia-4.png\" srcset=\"https:\/\/www.corruempaques.com\/Ce\/wp-content\/uploads\/2025\/04\/BENEFICIOS_Mesa-de-trabajo-1-copia-4.png 1009w, https:\/\/www.corruempaques.com\/Ce\/wp-content\/uploads\/2025\/04\/BENEFICIOS_Mesa-de-trabajo-1-copia-4-980x971.png 980w, https:\/\/www.corruempaques.com\/Ce\/wp-content\/uploads\/2025\/04\/BENEFICIOS_Mesa-de-trabajo-1-copia-4-480x476.png 480w\" alt=\"\" class=\"dica-item-image\" width=\"1009\" height=\"1000\"\/><\/span><\/div>\n\t\t\t\t\t\t\t\t\t\n\t\t\t\t\t\t\t<\/div>\n\t\t\t\t<\/div>\n\t\t\t<\/div><div class=\"et_pb_module dica_divi_carouselitem dica_divi_carouselitem_4\">\n\t\t\t\t\n\t\t\t\t\n\t\t\t\t\n\t\t\t\t\n\t\t\t\t\n\t\t\t\t\n\t\t\t\t<div class=\"et_pb_module_inner\">\n\t\t\t\t\t <div class=\"dica-item empty-content image_top\"   data-hash=\"dica_divi_carouselitem_4\">\n\t\t\t\t\t\t\t\t\t<div class=\"dica-image-container\"><span class=\"image\"><img loading=\"lazy\" decoding=\"async\" src=\"https:\/\/www.corruempaques.com\/Ce\/wp-content\/uploads\/2025\/04\/BENEFICIOS_Mesa-de-trabajo-1-copia-5.png\" srcset=\"https:\/\/www.corruempaques.com\/Ce\/wp-content\/uploads\/2025\/04\/BENEFICIOS_Mesa-de-trabajo-1-copia-5.png 1009w, https:\/\/www.corruempaques.com\/Ce\/wp-content\/uploads\/2025\/04\/BENEFICIOS_Mesa-de-trabajo-1-copia-5-980x971.png 980w, https:\/\/www.corruempaques.com\/Ce\/wp-content\/uploads\/2025\/04\/BENEFICIOS_Mesa-de-trabajo-1-copia-5-480x476.png 480w\" alt=\"\" class=\"dica-item-image\" width=\"1009\" height=\"1000\"\/><\/span><\/div>\n\t\t\t\t\t\t\t\t\t\n\t\t\t\t\t\t\t<\/div>\n\t\t\t\t<\/div>\n\t\t\t<\/div><div class=\"et_pb_module dica_divi_carouselitem dica_divi_carouselitem_5\">\n\t\t\t\t\n\t\t\t\t\n\t\t\t\t\n\t\t\t\t\n\t\t\t\t\n\t\t\t\t\n\t\t\t\t<div class=\"et_pb_module_inner\">\n\t\t\t\t\t <div class=\"dica-item empty-content image_top\"   data-hash=\"dica_divi_carouselitem_5\">\n\t\t\t\t\t\t\t\t\t<div class=\"dica-image-container\"><span class=\"image\"><img decoding=\"async\" src=\"\u00bbhttps:\/\/www.corruempaques.com\/Ce\/wp-content\/uploads\/2025\/04\/BENEFICIOS_Mesa-de-trabajo-1-copia-6.png\u00bb\" srcset=\"\" alt=\"\" class=\"dica-item-image\" width=\"f\" height=\"u\"\/><\/span><\/div>\n\t\t\t\t\t\t\t\t\t\n\t\t\t\t\t\t\t<\/div>\n\t\t\t\t<\/div>\n\t\t\t<\/div><\/p>\n","protected":false},"author":1,"featured_media":0,"parent":0,"menu_order":0,"comment_status":"closed","ping_status":"closed","template":"","meta":{"_et_pb_use_builder":"on","_et_pb_old_content":"","_et_gb_content_width":"","footnotes":""},"class_list":["post-21","page","type-page","status-publish","hentry"],"yoast_head":"<!-- This site is optimized with the Yoast SEO plugin v27.3 - https:\/\/yoast.com\/product\/yoast-seo-wordpress\/ -->\n<title>Productos - CorruEmpaques<\/title>\n<meta name=\"description\" content=\"Descubre la variedad de productos en cart\u00f3n de Corruempaques. Ofrecemos cajas de cart\u00f3n personalizadas, resistentes y sostenibles, dise\u00f1adas para proteger y transportar tus productos con la mejor calidad en M\u00e9xico.\" \/>\n<meta name=\"robots\" content=\"index, follow, max-snippet:-1, max-image-preview:large, max-video-preview:-1\" \/>\n<link rel=\"canonical\" href=\"https:\/\/www.corruempaques.com\/Ce\/productos\/\" \/>\n<meta property=\"og:locale\" content=\"es_ES\" \/>\n<meta property=\"og:type\" content=\"article\" \/>\n<meta property=\"og:title\" content=\"Productos - CorruEmpaques\" \/>\n<meta property=\"og:description\" content=\"Descubre la variedad de productos en cart\u00f3n de Corruempaques. Ofrecemos cajas de cart\u00f3n personalizadas, resistentes y sostenibles, dise\u00f1adas para proteger y transportar tus productos con la mejor calidad en M\u00e9xico.\" \/>\n<meta property=\"og:url\" content=\"https:\/\/www.corruempaques.com\/Ce\/productos\/\" \/>\n<meta property=\"og:site_name\" content=\"CorruEmpaques\" \/>\n<meta property=\"article:modified_time\" content=\"2025-04-04T16:46:51+00:00\" \/>\n<meta property=\"og:image\" content=\"https:\/\/www.corruempaques.com\/Ce\/wp-content\/uploads\/2024\/03\/Logo-Corru-02-2.png\" \/>\n\t<meta property=\"og:image:width\" content=\"1080\" \/>\n\t<meta property=\"og:image:height\" content=\"1080\" \/>\n\t<meta property=\"og:image:type\" content=\"image\/png\" \/>\n<meta name=\"twitter:card\" content=\"summary_large_image\" \/>\n<meta name=\"twitter:label1\" content=\"Tiempo de lectura\" \/>\n\t<meta name=\"twitter:data1\" content=\"4 minutos\" \/>\n<script type=\"application\/ld+json\" class=\"yoast-schema-graph\">{\"@context\":\"https:\\\/\\\/schema.org\",\"@graph\":[{\"@type\":\"WebPage\",\"@id\":\"https:\\\/\\\/www.corruempaques.com\\\/Ce\\\/productos\\\/\",\"url\":\"https:\\\/\\\/www.corruempaques.com\\\/Ce\\\/productos\\\/\",\"name\":\"Productos - CorruEmpaques\",\"isPartOf\":{\"@id\":\"https:\\\/\\\/www.corruempaques.com\\\/Ce\\\/#website\"},\"datePublished\":\"2024-03-14T23:04:14+00:00\",\"dateModified\":\"2025-04-04T16:46:51+00:00\",\"description\":\"Descubre la variedad de productos en cart\u00f3n de Corruempaques. Ofrecemos cajas de cart\u00f3n personalizadas, resistentes y sostenibles, dise\u00f1adas para proteger y transportar tus productos con la mejor calidad en M\u00e9xico.\",\"breadcrumb\":{\"@id\":\"https:\\\/\\\/www.corruempaques.com\\\/Ce\\\/productos\\\/#breadcrumb\"},\"inLanguage\":\"es\",\"potentialAction\":[{\"@type\":\"ReadAction\",\"target\":[\"https:\\\/\\\/www.corruempaques.com\\\/Ce\\\/productos\\\/\"]}]},{\"@type\":\"BreadcrumbList\",\"@id\":\"https:\\\/\\\/www.corruempaques.com\\\/Ce\\\/productos\\\/#breadcrumb\",\"itemListElement\":[{\"@type\":\"ListItem\",\"position\":1,\"name\":\"Portada\",\"item\":\"https:\\\/\\\/www.corruempaques.com\\\/Ce\\\/\"},{\"@type\":\"ListItem\",\"position\":2,\"name\":\"Productos\"}]},{\"@type\":\"WebSite\",\"@id\":\"https:\\\/\\\/www.corruempaques.com\\\/Ce\\\/#website\",\"url\":\"https:\\\/\\\/www.corruempaques.com\\\/Ce\\\/\",\"name\":\"CorruEmpaques\",\"description\":\"CorruEmpaques\",\"publisher\":{\"@id\":\"https:\\\/\\\/www.corruempaques.com\\\/Ce\\\/#organization\"},\"alternateName\":\"Empaques de Cart\u00f3n CorruEmpaques\",\"potentialAction\":[{\"@type\":\"SearchAction\",\"target\":{\"@type\":\"EntryPoint\",\"urlTemplate\":\"https:\\\/\\\/www.corruempaques.com\\\/Ce\\\/?s={search_term_string}\"},\"query-input\":{\"@type\":\"PropertyValueSpecification\",\"valueRequired\":true,\"valueName\":\"search_term_string\"}}],\"inLanguage\":\"es\"},{\"@type\":\"Organization\",\"@id\":\"https:\\\/\\\/www.corruempaques.com\\\/Ce\\\/#organization\",\"name\":\"CorruEmpaques\",\"alternateName\":\"CorruEmpaques M\u00e9xico\",\"url\":\"https:\\\/\\\/www.corruempaques.com\\\/Ce\\\/\",\"logo\":{\"@type\":\"ImageObject\",\"inLanguage\":\"es\",\"@id\":\"https:\\\/\\\/www.corruempaques.com\\\/Ce\\\/#\\\/schema\\\/logo\\\/image\\\/\",\"url\":\"https:\\\/\\\/www.corruempaques.com\\\/Ce\\\/wp-content\\\/uploads\\\/2024\\\/03\\\/Logo-Corru-02-2.png\",\"contentUrl\":\"https:\\\/\\\/www.corruempaques.com\\\/Ce\\\/wp-content\\\/uploads\\\/2024\\\/03\\\/Logo-Corru-02-2.png\",\"width\":1080,\"height\":1080,\"caption\":\"CorruEmpaques\"},\"image\":{\"@id\":\"https:\\\/\\\/www.corruempaques.com\\\/Ce\\\/#\\\/schema\\\/logo\\\/image\\\/\"}}]}<\/script>\n<!-- \/ Yoast SEO plugin. -->","yoast_head_json":{"title":"Productos - CorruEmpaques","description":"Descubre la variedad de productos en cart\u00f3n de Corruempaques. Ofrecemos cajas de cart\u00f3n personalizadas, resistentes y sostenibles, dise\u00f1adas para proteger y transportar tus productos con la mejor calidad en M\u00e9xico.","robots":{"index":"index","follow":"follow","max-snippet":"max-snippet:-1","max-image-preview":"max-image-preview:large","max-video-preview":"max-video-preview:-1"},"canonical":"https:\/\/www.corruempaques.com\/Ce\/productos\/","og_locale":"es_ES","og_type":"article","og_title":"Productos - CorruEmpaques","og_description":"Descubre la variedad de productos en cart\u00f3n de Corruempaques. Ofrecemos cajas de cart\u00f3n personalizadas, resistentes y sostenibles, dise\u00f1adas para proteger y transportar tus productos con la mejor calidad en M\u00e9xico.","og_url":"https:\/\/www.corruempaques.com\/Ce\/productos\/","og_site_name":"CorruEmpaques","article_modified_time":"2025-04-04T16:46:51+00:00","og_image":[{"width":1080,"height":1080,"url":"https:\/\/www.corruempaques.com\/Ce\/wp-content\/uploads\/2024\/03\/Logo-Corru-02-2.png","type":"image\/png"}],"twitter_card":"summary_large_image","twitter_misc":{"Tiempo de lectura":"4 minutos"},"schema":{"@context":"https:\/\/schema.org","@graph":[{"@type":"WebPage","@id":"https:\/\/www.corruempaques.com\/Ce\/productos\/","url":"https:\/\/www.corruempaques.com\/Ce\/productos\/","name":"Productos - CorruEmpaques","isPartOf":{"@id":"https:\/\/www.corruempaques.com\/Ce\/#website"},"datePublished":"2024-03-14T23:04:14+00:00","dateModified":"2025-04-04T16:46:51+00:00","description":"Descubre la variedad de productos en cart\u00f3n de Corruempaques. Ofrecemos cajas de cart\u00f3n personalizadas, resistentes y sostenibles, dise\u00f1adas para proteger y transportar tus productos con la mejor calidad en M\u00e9xico.","breadcrumb":{"@id":"https:\/\/www.corruempaques.com\/Ce\/productos\/#breadcrumb"},"inLanguage":"es","potentialAction":[{"@type":"ReadAction","target":["https:\/\/www.corruempaques.com\/Ce\/productos\/"]}]},{"@type":"BreadcrumbList","@id":"https:\/\/www.corruempaques.com\/Ce\/productos\/#breadcrumb","itemListElement":[{"@type":"ListItem","position":1,"name":"Portada","item":"https:\/\/www.corruempaques.com\/Ce\/"},{"@type":"ListItem","position":2,"name":"Productos"}]},{"@type":"WebSite","@id":"https:\/\/www.corruempaques.com\/Ce\/#website","url":"https:\/\/www.corruempaques.com\/Ce\/","name":"CorruEmpaques","description":"CorruEmpaques","publisher":{"@id":"https:\/\/www.corruempaques.com\/Ce\/#organization"},"alternateName":"Empaques de Cart\u00f3n CorruEmpaques","potentialAction":[{"@type":"SearchAction","target":{"@type":"EntryPoint","urlTemplate":"https:\/\/www.corruempaques.com\/Ce\/?s={search_term_string}"},"query-input":{"@type":"PropertyValueSpecification","valueRequired":true,"valueName":"search_term_string"}}],"inLanguage":"es"},{"@type":"Organization","@id":"https:\/\/www.corruempaques.com\/Ce\/#organization","name":"CorruEmpaques","alternateName":"CorruEmpaques M\u00e9xico","url":"https:\/\/www.corruempaques.com\/Ce\/","logo":{"@type":"ImageObject","inLanguage":"es","@id":"https:\/\/www.corruempaques.com\/Ce\/#\/schema\/logo\/image\/","url":"https:\/\/www.corruempaques.com\/Ce\/wp-content\/uploads\/2024\/03\/Logo-Corru-02-2.png","contentUrl":"https:\/\/www.corruempaques.com\/Ce\/wp-content\/uploads\/2024\/03\/Logo-Corru-02-2.png","width":1080,"height":1080,"caption":"CorruEmpaques"},"image":{"@id":"https:\/\/www.corruempaques.com\/Ce\/#\/schema\/logo\/image\/"}}]}},"_links":{"self":[{"href":"https:\/\/www.corruempaques.com\/Ce\/wp-json\/wp\/v2\/pages\/21","targetHints":{"allow":["GET"]}}],"collection":[{"href":"https:\/\/www.corruempaques.com\/Ce\/wp-json\/wp\/v2\/pages"}],"about":[{"href":"https:\/\/www.corruempaques.com\/Ce\/wp-json\/wp\/v2\/types\/page"}],"author":[{"embeddable":true,"href":"https:\/\/www.corruempaques.com\/Ce\/wp-json\/wp\/v2\/users\/1"}],"replies":[{"embeddable":true,"href":"https:\/\/www.corruempaques.com\/Ce\/wp-json\/wp\/v2\/comments?post=21"}],"version-history":[{"count":0,"href":"https:\/\/www.corruempaques.com\/Ce\/wp-json\/wp\/v2\/pages\/21\/revisions"}],"wp:attachment":[{"href":"https:\/\/www.corruempaques.com\/Ce\/wp-json\/wp\/v2\/media?parent=21"}],"curies":[{"name":"wp","href":"https:\/\/api.w.org\/{rel}","templated":true}]}}